{"id":72,"date":"2020-02-01T20:57:21","date_gmt":"2020-02-01T20:57:21","guid":{"rendered":"https:\/\/estecon.eu\/?page_id=72"},"modified":"2021-02-19T09:52:05","modified_gmt":"2021-02-19T09:52:05","slug":"meist","status":"publish","type":"page","link":"https:\/\/estecon.eu\/en\/meist\/","title":{"rendered":"Ettev\u00f5ttest"},"content":{"rendered":"\n<p>Estecon Installations O\u00dc on metallkonstruktsioonide, mezzanine p\u00f5randate, mezzanine konveierite tugede, laoriiulite ja t\u00f5stetud p\u00f5randate s\u00fcsteemide paigaldusele spetsialiseerunud ettev\u00f5te.<\/p>\n\n\n\n<p>Oleme tegutsenud aastast 2019 ning omame mitmeid aastaid varasemat kogemust antud valdkonnas. \u00dckski t\u00f6\u00f6 pole liiga suur ega liiga v\u00e4ike. Meeskonna suuruseks on 30+ meest.<\/p>\n\n\n\n<p>Tegutseme peamiselt L\u00e4\u00e4ne- ja L\u00f5una-Euroopas, kuid ka Skandinaavias, Soomes ja Eestis.<\/p>\n\n\n\n<p>Meie kindel soov on olla usaldusv\u00e4\u00e4rne koost\u00f6\u00f6partner erinevatele osapooltele. Hea t\u00f6\u00f6 kindlustab ja loob aluse edasisele pikaajalisele edukale koost\u00f6\u00f6le!<\/p>\n","protected":false},"excerpt":{"rendered":"<p>Estecon Installations O\u00dc on metallkonstruktsioonide, mezzanine p\u00f5randate, mezzanine konveierite tugede, laoriiulite ja t\u00f5stetud p\u00f5randate s\u00fcsteemide paigaldusele spetsialiseerunud ettev\u00f5te. Oleme tegutsenud aastast 2019 ning omame mitmeid aastaid varasemat kogemust antud valdkonnas. &#8230;<\/p>\n","protected":false},"author":2,"featured_media":0,"parent":0,"menu_order":0,"comment_status":"closed","ping_status":"closed","template":"","meta":{"ngg_post_thumbnail":0,"footnotes":""},"class_list":["post-72","page","type-page","status-publish","hentry"],"_links":{"self":[{"href":"https:\/\/estecon.eu\/en\/wp-json\/wp\/v2\/pages\/72","targetHints":{"allow":["GET"]}}],"collection":[{"href":"https:\/\/estecon.eu\/en\/wp-json\/wp\/v2\/pages"}],"about":[{"href":"https:\/\/estecon.eu\/en\/wp-json\/wp\/v2\/types\/page"}],"author":[{"embeddable":true,"href":"https:\/\/estecon.eu\/en\/wp-json\/wp\/v2\/users\/2"}],"replies":[{"embeddable":true,"href":"https:\/\/estecon.eu\/en\/wp-json\/wp\/v2\/comments?post=72"}],"version-history":[{"count":22,"href":"https:\/\/estecon.eu\/en\/wp-json\/wp\/v2\/pages\/72\/revisions"}],"predecessor-version":[{"id":392,"href":"https:\/\/estecon.eu\/en\/wp-json\/wp\/v2\/pages\/72\/revisions\/392"}],"wp:attachment":[{"href":"https:\/\/estecon.eu\/en\/wp-json\/wp\/v2\/media?parent=72"}],"curies":[{"name":"wp","href":"https:\/\/api.w.org\/{rel}","templated":true}]}}